{"id":79,"date":"2025-01-06T18:03:48","date_gmt":"2025-01-06T18:03:48","guid":{"rendered":"https:\/\/www.potenciatumundo.com\/?page_id=79"},"modified":"2025-03-10T01:54:10","modified_gmt":"2025-03-10T01:54:10","slug":"nosotros","status":"publish","type":"page","link":"https:\/\/www.potenciatumundo.com\/index.php\/nosotros\/","title":{"rendered":"Nosotros"},"content":{"rendered":"\t\t<div data-elementor-type=\"wp-page\" data-elementor-id=\"79\" class=\"elementor elementor-79\">\n\t\t\t\t<div class=\"elementor-element elementor-element-1e7c230 e-flex e-con-boxed e-con e-parent\" data-id=\"1e7c230\" data-element_type=\"container\">\n\t\t\t\t\t<div class=\"e-con-inner\">\n\t\t<div class=\"elementor-element elementor-element-a565fe2 e-con-full e-flex e-con e-child\" data-id=\"a565fe2\" data-element_type=\"container\">\n\t\t\t\t<div class=\"elementor-element elementor-element-1d2d2b9 elementor-widget elementor-widget-heading\" data-id=\"1d2d2b9\" data-element_type=\"widget\" data-widget_type=\"heading.default\">\n\t\t\t\t<div class=\"elementor-widget-container\">\n\t\t\t\t\t<h4 class=\"elementor-heading-title elementor-size-default\"><br>Qui\u00e9nes somos.<\/h4>\t\t\t\t<\/div>\n\t\t\t\t<\/div>\n\t\t\t\t<div class=\"elementor-element elementor-element-d4cbcbd elementor-widget elementor-widget-text-editor\" data-id=\"d4cbcbd\" data-element_type=\"widget\" data-widget_type=\"text-editor.default\">\n\t\t\t\t<div class=\"elementor-widget-container\">\n\t\t\t\t\t\t\t\t\t<p data-start=\"85\" data-end=\"294\">En Potencia tu Mundo, creemos en el poder del crecimiento personal y la transformaci\u00f3n. Nuestra misi\u00f3n es brindarte herramientas pr\u00e1cticas y conocimientos valiosos para que alcances tu m\u00e1ximo potencial.<\/p><p data-start=\"296\" data-end=\"525\">Ofrecemos cursos dise\u00f1ados por expertos en desarrollo personal, liderazgo, inteligencia emocional y \u00e9xito financiero. Nuestro enfoque es pr\u00e1ctico y accesible, para que puedas aplicar lo aprendido en tu vida diaria de inmediato.<\/p><p data-start=\"527\" data-end=\"765\">Creemos que cada persona tiene el potencial de cambiar su realidad y alcanzar sus sue\u00f1os. Por eso, te acompa\u00f1amos en este camino de aprendizaje con contenido de calidad, estrategias efectivas y una comunidad que te apoyar\u00e1 en cada paso.<\/p><p data-start=\"767\" data-end=\"846\">\u00danete a nosotros y comienza hoy tu viaje hacia una mejor versi\u00f3n de ti mismo.<\/p>\t\t\t\t\t\t\t\t<\/div>\n\t\t\t\t<\/div>\n\t\t\t\t<\/div>\n\t\t<div class=\"elementor-element elementor-element-7aec258 e-con-full e-flex e-con e-child\" data-id=\"7aec258\" data-element_type=\"container\">\n\t\t\t\t<div class=\"elementor-element elementor-element-5a014a1 elementor-widget elementor-widget-image\" data-id=\"5a014a1\" data-element_type=\"widget\" data-widget_type=\"image.default\">\n\t\t\t\t<div class=\"elementor-widget-container\">\n\t\t\t\t\t\t\t\t\t\t\t\t\t\t\t<img fetchpriority=\"high\" decoding=\"async\" width=\"640\" height=\"640\" src=\"https:\/\/www.potenciatumundo.com\/wp-content\/uploads\/2025\/03\/NosotrosA-768x768.webp\" class=\"attachment-medium_large size-medium_large wp-image-281\" alt=\"\" srcset=\"https:\/\/www.potenciatumundo.com\/wp-content\/uploads\/2025\/03\/NosotrosA-768x768.webp 768w, https:\/\/www.potenciatumundo.com\/wp-content\/uploads\/2025\/03\/NosotrosA-300x300.webp 300w, https:\/\/www.potenciatumundo.com\/wp-content\/uploads\/2025\/03\/NosotrosA-100x100.webp 100w, https:\/\/www.potenciatumundo.com\/wp-content\/uploads\/2025\/03\/NosotrosA-600x600.webp 600w, https:\/\/www.potenciatumundo.com\/wp-content\/uploads\/2025\/03\/NosotrosA-150x150.webp 150w, https:\/\/www.potenciatumundo.com\/wp-content\/uploads\/2025\/03\/NosotrosA.webp 1024w\" sizes=\"(max-width: 640px) 100vw, 640px\" \/>\t\t\t\t\t\t\t\t\t\t\t\t\t\t\t<\/div>\n\t\t\t\t<\/div>\n\t\t\t\t<\/div>\n\t\t\t\t\t<\/div>\n\t\t\t\t<\/div>\n\t\t\t\t<\/div>\n\t\t","protected":false},"excerpt":{"rendered":"<p>Qui\u00e9nes somos. En Potencia tu Mundo, creemos en el poder del crecimiento personal y la transformaci\u00f3n. Nuestra misi\u00f3n es brindarte herramientas pr\u00e1cticas y conocimientos valiosos para que alcances tu m\u00e1ximo potencial. Ofrecemos cursos dise\u00f1ados por expertos en desarrollo personal, liderazgo, inteligencia emocional y \u00e9xito financiero. Nuestro enfoque es pr\u00e1ctico y &hellip; <\/p>\n","protected":false},"author":1,"featured_media":0,"parent":0,"menu_order":0,"comment_status":"closed","ping_status":"closed","template":"elementor_header_footer","meta":{"inline_featured_image":false,"footnotes":""},"class_list":["post-79","page","type-page","status-publish","hentry"],"_links":{"self":[{"href":"https:\/\/www.potenciatumundo.com\/index.php\/wp-json\/wp\/v2\/pages\/79","targetHints":{"allow":["GET"]}}],"collection":[{"href":"https:\/\/www.potenciatumundo.com\/index.php\/wp-json\/wp\/v2\/pages"}],"about":[{"href":"https:\/\/www.potenciatumundo.com\/index.php\/wp-json\/wp\/v2\/types\/page"}],"author":[{"embeddable":true,"href":"https:\/\/www.potenciatumundo.com\/index.php\/wp-json\/wp\/v2\/users\/1"}],"replies":[{"embeddable":true,"href":"https:\/\/www.potenciatumundo.com\/index.php\/wp-json\/wp\/v2\/comments?post=79"}],"version-history":[{"count":16,"href":"https:\/\/www.potenciatumundo.com\/index.php\/wp-json\/wp\/v2\/pages\/79\/revisions"}],"predecessor-version":[{"id":499,"href":"https:\/\/www.potenciatumundo.com\/index.php\/wp-json\/wp\/v2\/pages\/79\/revisions\/499"}],"wp:attachment":[{"href":"https:\/\/www.potenciatumundo.com\/index.php\/wp-json\/wp\/v2\/media?parent=79"}],"curies":[{"name":"wp","href":"https:\/\/api.w.org\/{rel}","templated":true}]}}